{"id":214,"date":"2025-11-21T12:51:22","date_gmt":"2025-11-21T11:51:22","guid":{"rendered":"https:\/\/grafiwika.you2.pl\/?page_id=214"},"modified":"2025-11-28T13:45:11","modified_gmt":"2025-11-28T12:45:11","slug":"o-firmie","status":"publish","type":"page","link":"https:\/\/grafiwika.you2.pl\/index.php\/o-firmie\/","title":{"rendered":"O firmie"},"content":{"rendered":"\n<div class=\"wp-block-group alignfull has-background-background-color has-background has-global-padding is-layout-constrained wp-container-core-group-is-layout-b6e6cc96 wp-block-group-is-layout-constrained\" style=\"margin-top:0;margin-bottom:0;padding-top:0;padding-right:0;padding-bottom:var(--wp--preset--spacing--40);padding-left:0\">\n<div class=\"wp-block-group alignfull has-background has-global-padding is-layout-constrained wp-block-group-is-layout-constrained\" style=\"background-color:#d5b3ef;padding-top:var(--wp--preset--spacing--60);padding-bottom:var(--wp--preset--spacing--60)\">\n<h1 class=\"wp-block-heading has-text-align-center has-custom-color-8-color has-text-color has-link-color has-oswald-font-family wp-elements-1b339e9e7b61b5142076c5948881644a\" style=\"margin-top:0;margin-bottom:1rem\">Nasza firma<\/h1>\n\n\n\n<p class=\"has-text-align-center has-custom-color-8-color has-text-color has-link-color has-heebo-font-family has-medium-font-size wp-elements-9d65256d3ff21e850736e7e8aff05928\" style=\"margin-top:0;margin-bottom:0\">Jeste\u015bmy studiem graficznym, kt\u00f3re pomaga firmom wyr\u00f3\u017cni\u0107 si\u0119 w sieci i poza ni\u0105. Tworzymy m.in. <strong>grafiki, logotypy, banery, wizyt\u00f3wki<\/strong> a tak\u017ce <strong>nowoczesne strony internetowe<\/strong> oraz kompleksowo prowadzimy media spo\u0142eczno\u015bciowe. \u0141\u0105czymy kreatywno\u015b\u0107 z funkcjonalno\u015bci\u0105, dzi\u0119ki czemu ka\u017cdy projekt nie tylko wygl\u0105da \u015bwietnie, ale te\u017c realnie wspiera cele biznesowe naszych klient\u00f3w.<\/p>\n<\/div>\n\n\n\n<div class=\"wp-block-group alignfull has-global-padding is-layout-constrained wp-block-group-is-layout-constrained\">\n<div class=\"wp-block-cover alignfull is-light has-parallax\" style=\"margin-top:0;min-height:200px;aspect-ratio:unset;\"><div class=\"wp-block-cover__image-background wp-image-341 size-large has-parallax\" style=\"background-position:50% 50%;background-image:url(http:\/\/grafiwika.you2.pl\/wp-content\/uploads\/2025\/11\/liquid-marbling-paint-texture-background-fluid-painting-abstract-texture-intensive-color-mix-wallpaper-1024x717.jpg)\"><\/div><span aria-hidden=\"true\" class=\"wp-block-cover__background has-black-background-color has-background-dim-0 has-background-dim\"><\/span><div class=\"wp-block-cover__inner-container is-layout-flow wp-block-cover-is-layout-flow\">\n<p class=\"has-text-align-center has-large-font-size\"><\/p>\n<\/div><\/div>\n<\/div>\n\n\n\n<div class=\"wp-block-group alignfull has-background has-global-padding is-layout-constrained wp-block-group-is-layout-constrained\" style=\"background-color:#d5b3ef;padding-top:var(--wp--preset--spacing--60);padding-bottom:var(--wp--preset--spacing--60)\">\n<h1 class=\"wp-block-heading has-text-align-center has-custom-color-8-color has-text-color has-link-color has-oswald-font-family wp-elements-57adee18b5c6e888f4f5aa72612079c2\" style=\"margin-top:0;margin-bottom:1rem\">Proces projektowania<\/h1>\n\n\n\n<p class=\"has-text-align-center has-custom-color-8-color has-text-color has-link-color has-heebo-font-family has-medium-font-size wp-elements-e1f599c25df1c9d807165ebb339b42aa\" style=\"margin-top:0;margin-bottom:0\">Nasz\u0105 misj\u0105 jest budowanie sp\u00f3jnego i profesjonalnego wizerunku marek \u2013 od pierwszego szkicu, a\u017c po gotowy produkt. Stawiamy na <strong>jako\u015b\u0107, terminowo\u015b\u0107 i indywidualne podej\u015bcie<\/strong>, bo wiemy, \u017ce ka\u017cda firma ma swoj\u0105 histori\u0119 i unikalny styl, kt\u00f3ry warto podkre\u015bli\u0107.<\/p>\n<\/div>\n\n\n\n<div class=\"wp-block-cover alignfull is-light has-parallax\" style=\"margin-top:0;min-height:235px;aspect-ratio:unset;\"><div class=\"wp-block-cover__image-background wp-image-341 size-large has-parallax\" style=\"background-position:50% 50%;background-image:url(http:\/\/grafiwika.you2.pl\/wp-content\/uploads\/2025\/11\/liquid-marbling-paint-texture-background-fluid-painting-abstract-texture-intensive-color-mix-wallpaper-1024x717.jpg)\"><\/div><span aria-hidden=\"true\" class=\"wp-block-cover__background has-black-background-color has-background-dim-0 has-background-dim\"><\/span><div class=\"wp-block-cover__inner-container is-layout-flow wp-block-cover-is-layout-flow\">\n<p class=\"has-text-align-center has-large-font-size\"><\/p>\n<\/div><\/div>\n<\/div>\n","protected":false},"excerpt":{"rendered":"<p>Nasza firma Jeste\u015bmy studiem graficznym, kt\u00f3re pomaga firmom wyr\u00f3\u017cni\u0107 si\u0119 w sieci i poza ni\u0105. Tworzymy m.in. grafiki, logotypy, banery, wizyt\u00f3wki a tak\u017ce nowoczesne strony internetowe oraz kompleksowo prowadzimy media spo\u0142eczno\u015bciowe. \u0141\u0105czymy kreatywno\u015b\u0107 z funkcjonalno\u015bci\u0105, dzi\u0119ki czemu ka\u017cdy projekt nie tylko wygl\u0105da \u015bwietnie, ale te\u017c realnie wspiera cele biznesowe naszych klient\u00f3w. Proces projektowania Nasz\u0105 misj\u0105 [&hellip;]<\/p>\n","protected":false},"author":1,"featured_media":0,"parent":0,"menu_order":0,"comment_status":"closed","ping_status":"closed","template":"no-title","meta":{"om_disable_all_campaigns":false,"_monsterinsights_skip_tracking":false,"_monsterinsights_sitenote_active":false,"_monsterinsights_sitenote_note":"","_monsterinsights_sitenote_category":0,"footnotes":""},"class_list":["post-214","page","type-page","status-publish","hentry"],"aioseo_notices":[],"_links":{"self":[{"href":"https:\/\/grafiwika.you2.pl\/index.php\/wp-json\/wp\/v2\/pages\/214","targetHints":{"allow":["GET"]}}],"collection":[{"href":"https:\/\/grafiwika.you2.pl\/index.php\/wp-json\/wp\/v2\/pages"}],"about":[{"href":"https:\/\/grafiwika.you2.pl\/index.php\/wp-json\/wp\/v2\/types\/page"}],"author":[{"embeddable":true,"href":"https:\/\/grafiwika.you2.pl\/index.php\/wp-json\/wp\/v2\/users\/1"}],"replies":[{"embeddable":true,"href":"https:\/\/grafiwika.you2.pl\/index.php\/wp-json\/wp\/v2\/comments?post=214"}],"version-history":[{"count":86,"href":"https:\/\/grafiwika.you2.pl\/index.php\/wp-json\/wp\/v2\/pages\/214\/revisions"}],"predecessor-version":[{"id":469,"href":"https:\/\/grafiwika.you2.pl\/index.php\/wp-json\/wp\/v2\/pages\/214\/revisions\/469"}],"wp:attachment":[{"href":"https:\/\/grafiwika.you2.pl\/index.php\/wp-json\/wp\/v2\/media?parent=214"}],"curies":[{"name":"wp","href":"https:\/\/api.w.org\/{rel}","templated":true}]}}